{"id":38,"date":"2023-08-01T11:48:17","date_gmt":"2023-08-01T10:48:17","guid":{"rendered":"https:\/\/www.katiuskak.com\/ikastaroak\/?page_id=38"},"modified":"2023-08-14T10:43:08","modified_gmt":"2023-08-14T09:43:08","slug":"presentacion","status":"publish","type":"page","link":"https:\/\/www.katiuskak.com\/ikastaroak\/es\/presentacion\/","title":{"rendered":"Presentaci\u00f3n"},"content":{"rendered":"\r\n<p data-wp-editing=\"1\">Te apuntaste porque no entend\u00edas el manual<img loading=\"lazy\" decoding=\"async\" class=\"alignright wp-image-180 \" src=\"https:\/\/www.katiuskak.com\/ikastaroak\/wp-content\/uploads\/2023\/08\/aurkezpena-300x173.jpg\" alt=\"\" width=\"468\" height=\"270\" srcset=\"https:\/\/www.katiuskak.com\/ikastaroak\/wp-content\/uploads\/2023\/08\/aurkezpena-300x173.jpg 300w, https:\/\/www.katiuskak.com\/ikastaroak\/wp-content\/uploads\/2023\/08\/aurkezpena-768x443.jpg 768w, https:\/\/www.katiuskak.com\/ikastaroak\/wp-content\/uploads\/2023\/08\/aurkezpena.jpg 1024w\" sizes=\"auto, (max-width: 468px) 100vw, 468px\" \/><br \/>y descubriste una afici\u00f3n.<br \/>Te apuntaste porque quer\u00edas sacar partido al iphone<br \/>y terminaste en el club de fotograf\u00eda.<br \/>Te apuntaste para no ser un jubilado m\u00e1s<br \/>y te diste cuenta que ten\u00edas vista para los encuadres.<br \/>Te apuntaste porque te regalaron una c\u00e1mara<br \/>y al cabo de tres clases le dijiste al fot\u00f3grafo:<br \/>la luz gana con la sombra.<br \/>Te apuntaste para mejorar tu nivel<br \/>y lo conseguiste. T\u00fa.<\/p>\r\n","protected":false},"excerpt":{"rendered":"<p>Te apuntaste porque no entend\u00edas el manualy descubriste una afici\u00f3n.Te apuntaste porque quer\u00edas sacar partido al iphoney terminaste en el club de fotograf\u00eda.Te apuntaste para [&hellip;]<\/p>\n","protected":false},"author":1,"featured_media":0,"parent":0,"menu_order":0,"comment_status":"closed","ping_status":"closed","template":"","meta":{"footnotes":""},"class_list":["post-38","page","type-page","status-publish","hentry"],"yoast_head":"<!-- This site is optimized with the Yoast SEO plugin v23.9 - https:\/\/yoast.com\/wordpress\/plugins\/seo\/ -->\n<title>Presentaci\u00f3n - KATIUSKAK<\/title>\n<meta name=\"description\" content=\"En Katiuskak organizamos cursos personalizados de fotograf\u00eda, v\u00eddeo y dise\u00f1o. Puedes realizar los cursos de forma presencial u online.\" \/>\n<meta name=\"robots\" content=\"index, follow, max-snippet:-1, max-image-preview:large, max-video-preview:-1\" \/>\n<link rel=\"canonical\" href=\"https:\/\/www.katiuskak.com\/ikastaroak\/es\/presentacion\/\" \/>\n<meta property=\"og:locale\" content=\"es_ES\" \/>\n<meta property=\"og:type\" content=\"article\" \/>\n<meta property=\"og:title\" content=\"Presentaci\u00f3n - KATIUSKAK\" \/>\n<meta property=\"og:description\" content=\"En Katiuskak organizamos cursos personalizados de fotograf\u00eda, v\u00eddeo y dise\u00f1o. Puedes realizar los cursos de forma presencial u online.\" \/>\n<meta property=\"og:url\" content=\"https:\/\/www.katiuskak.com\/ikastaroak\/es\/presentacion\/\" \/>\n<meta property=\"og:site_name\" content=\"KATIUSKAK\" \/>\n<meta property=\"article:publisher\" content=\"http:\/\/www.facebook.com\/katiuskakargazkiestudioa\" \/>\n<meta property=\"article:modified_time\" content=\"2023-08-14T09:43:08+00:00\" \/>\n<meta property=\"og:image\" content=\"https:\/\/www.katiuskak.com\/ikastaroak\/wp-content\/uploads\/2023\/08\/aurkezpena-300x173.jpg\" \/>\n<meta name=\"twitter:card\" content=\"summary_large_image\" \/>\n<meta name=\"twitter:label1\" content=\"Tiempo de lectura\" \/>\n\t<meta name=\"twitter:data1\" content=\"1 minuto\" \/>\n<script type=\"application\/ld+json\" class=\"yoast-schema-graph\">{\"@context\":\"https:\/\/schema.org\",\"@graph\":[{\"@type\":\"WebPage\",\"@id\":\"https:\/\/www.katiuskak.com\/ikastaroak\/es\/presentacion\/\",\"url\":\"https:\/\/www.katiuskak.com\/ikastaroak\/es\/presentacion\/\",\"name\":\"Presentaci\u00f3n - KATIUSKAK\",\"isPartOf\":{\"@id\":\"https:\/\/www.katiuskak.com\/ikastaroak\/#website\"},\"primaryImageOfPage\":{\"@id\":\"https:\/\/www.katiuskak.com\/ikastaroak\/es\/presentacion\/#primaryimage\"},\"image\":{\"@id\":\"https:\/\/www.katiuskak.com\/ikastaroak\/es\/presentacion\/#primaryimage\"},\"thumbnailUrl\":\"https:\/\/www.katiuskak.com\/ikastaroak\/wp-content\/uploads\/2023\/08\/aurkezpena-300x173.jpg\",\"datePublished\":\"2023-08-01T10:48:17+00:00\",\"dateModified\":\"2023-08-14T09:43:08+00:00\",\"description\":\"En Katiuskak organizamos cursos personalizados de fotograf\u00eda, v\u00eddeo y dise\u00f1o. Puedes realizar los cursos de forma presencial u online.\",\"breadcrumb\":{\"@id\":\"https:\/\/www.katiuskak.com\/ikastaroak\/es\/presentacion\/#breadcrumb\"},\"inLanguage\":\"es\",\"potentialAction\":[{\"@type\":\"ReadAction\",\"target\":[\"https:\/\/www.katiuskak.com\/ikastaroak\/es\/presentacion\/\"]}]},{\"@type\":\"ImageObject\",\"inLanguage\":\"es\",\"@id\":\"https:\/\/www.katiuskak.com\/ikastaroak\/es\/presentacion\/#primaryimage\",\"url\":\"https:\/\/www.katiuskak.com\/ikastaroak\/wp-content\/uploads\/2023\/08\/aurkezpena.jpg\",\"contentUrl\":\"https:\/\/www.katiuskak.com\/ikastaroak\/wp-content\/uploads\/2023\/08\/aurkezpena.jpg\",\"width\":1024,\"height\":591},{\"@type\":\"BreadcrumbList\",\"@id\":\"https:\/\/www.katiuskak.com\/ikastaroak\/es\/presentacion\/#breadcrumb\",\"itemListElement\":[{\"@type\":\"ListItem\",\"position\":1,\"name\":\"Home\",\"item\":\"https:\/\/www.katiuskak.com\/ikastaroak\/es\/\"},{\"@type\":\"ListItem\",\"position\":2,\"name\":\"Presentaci\u00f3n\"}]},{\"@type\":\"WebSite\",\"@id\":\"https:\/\/www.katiuskak.com\/ikastaroak\/#website\",\"url\":\"https:\/\/www.katiuskak.com\/ikastaroak\/\",\"name\":\"KATIUSKAK\",\"description\":\"Argazkigintza ikastaro pertsonalizatuak \/ Cursos personalizados de fotograf\u00eda\",\"publisher\":{\"@id\":\"https:\/\/www.katiuskak.com\/ikastaroak\/#organization\"},\"alternateName\":\"Argazkigintza ikastaro pertsonalizatuak \/ Cursos personalizados de fotograf\u00eda\",\"potentialAction\":[{\"@type\":\"SearchAction\",\"target\":{\"@type\":\"EntryPoint\",\"urlTemplate\":\"https:\/\/www.katiuskak.com\/ikastaroak\/?s={search_term_string}\"},\"query-input\":{\"@type\":\"PropertyValueSpecification\",\"valueRequired\":true,\"valueName\":\"search_term_string\"}}],\"inLanguage\":\"es\"},{\"@type\":\"Organization\",\"@id\":\"https:\/\/www.katiuskak.com\/ikastaroak\/#organization\",\"name\":\"KATIUSKAK ESTUDIOA (Argazkigintza ikastaroak)\",\"alternateName\":\"KATIUSKAK ESTUDIOA (Cursos de fotograf\u00eda)\",\"url\":\"https:\/\/www.katiuskak.com\/ikastaroak\/\",\"logo\":{\"@type\":\"ImageObject\",\"inLanguage\":\"es\",\"@id\":\"https:\/\/www.katiuskak.com\/ikastaroak\/#\/schema\/logo\/image\/\",\"url\":\"https:\/\/www.katiuskak.com\/ikastaroak\/wp-content\/uploads\/2024\/10\/logo.jpg\",\"contentUrl\":\"https:\/\/www.katiuskak.com\/ikastaroak\/wp-content\/uploads\/2024\/10\/logo.jpg\",\"width\":959,\"height\":959,\"caption\":\"KATIUSKAK ESTUDIOA (Argazkigintza ikastaroak)\"},\"image\":{\"@id\":\"https:\/\/www.katiuskak.com\/ikastaroak\/#\/schema\/logo\/image\/\"},\"sameAs\":[\"http:\/\/www.facebook.com\/katiuskakargazkiestudioa\"]}]}<\/script>\n<!-- \/ Yoast SEO plugin. -->","yoast_head_json":{"title":"Presentaci\u00f3n - KATIUSKAK","description":"En Katiuskak organizamos cursos personalizados de fotograf\u00eda, v\u00eddeo y dise\u00f1o. Puedes realizar los cursos de forma presencial u online.","robots":{"index":"index","follow":"follow","max-snippet":"max-snippet:-1","max-image-preview":"max-image-preview:large","max-video-preview":"max-video-preview:-1"},"canonical":"https:\/\/www.katiuskak.com\/ikastaroak\/es\/presentacion\/","og_locale":"es_ES","og_type":"article","og_title":"Presentaci\u00f3n - KATIUSKAK","og_description":"En Katiuskak organizamos cursos personalizados de fotograf\u00eda, v\u00eddeo y dise\u00f1o. Puedes realizar los cursos de forma presencial u online.","og_url":"https:\/\/www.katiuskak.com\/ikastaroak\/es\/presentacion\/","og_site_name":"KATIUSKAK","article_publisher":"http:\/\/www.facebook.com\/katiuskakargazkiestudioa","article_modified_time":"2023-08-14T09:43:08+00:00","og_image":[{"url":"https:\/\/www.katiuskak.com\/ikastaroak\/wp-content\/uploads\/2023\/08\/aurkezpena-300x173.jpg"}],"twitter_card":"summary_large_image","twitter_misc":{"Tiempo de lectura":"1 minuto"},"schema":{"@context":"https:\/\/schema.org","@graph":[{"@type":"WebPage","@id":"https:\/\/www.katiuskak.com\/ikastaroak\/es\/presentacion\/","url":"https:\/\/www.katiuskak.com\/ikastaroak\/es\/presentacion\/","name":"Presentaci\u00f3n - KATIUSKAK","isPartOf":{"@id":"https:\/\/www.katiuskak.com\/ikastaroak\/#website"},"primaryImageOfPage":{"@id":"https:\/\/www.katiuskak.com\/ikastaroak\/es\/presentacion\/#primaryimage"},"image":{"@id":"https:\/\/www.katiuskak.com\/ikastaroak\/es\/presentacion\/#primaryimage"},"thumbnailUrl":"https:\/\/www.katiuskak.com\/ikastaroak\/wp-content\/uploads\/2023\/08\/aurkezpena-300x173.jpg","datePublished":"2023-08-01T10:48:17+00:00","dateModified":"2023-08-14T09:43:08+00:00","description":"En Katiuskak organizamos cursos personalizados de fotograf\u00eda, v\u00eddeo y dise\u00f1o. Puedes realizar los cursos de forma presencial u online.","breadcrumb":{"@id":"https:\/\/www.katiuskak.com\/ikastaroak\/es\/presentacion\/#breadcrumb"},"inLanguage":"es","potentialAction":[{"@type":"ReadAction","target":["https:\/\/www.katiuskak.com\/ikastaroak\/es\/presentacion\/"]}]},{"@type":"ImageObject","inLanguage":"es","@id":"https:\/\/www.katiuskak.com\/ikastaroak\/es\/presentacion\/#primaryimage","url":"https:\/\/www.katiuskak.com\/ikastaroak\/wp-content\/uploads\/2023\/08\/aurkezpena.jpg","contentUrl":"https:\/\/www.katiuskak.com\/ikastaroak\/wp-content\/uploads\/2023\/08\/aurkezpena.jpg","width":1024,"height":591},{"@type":"BreadcrumbList","@id":"https:\/\/www.katiuskak.com\/ikastaroak\/es\/presentacion\/#breadcrumb","itemListElement":[{"@type":"ListItem","position":1,"name":"Home","item":"https:\/\/www.katiuskak.com\/ikastaroak\/es\/"},{"@type":"ListItem","position":2,"name":"Presentaci\u00f3n"}]},{"@type":"WebSite","@id":"https:\/\/www.katiuskak.com\/ikastaroak\/#website","url":"https:\/\/www.katiuskak.com\/ikastaroak\/","name":"KATIUSKAK","description":"Argazkigintza ikastaro pertsonalizatuak \/ Cursos personalizados de fotograf\u00eda","publisher":{"@id":"https:\/\/www.katiuskak.com\/ikastaroak\/#organization"},"alternateName":"Argazkigintza ikastaro pertsonalizatuak \/ Cursos personalizados de fotograf\u00eda","potentialAction":[{"@type":"SearchAction","target":{"@type":"EntryPoint","urlTemplate":"https:\/\/www.katiuskak.com\/ikastaroak\/?s={search_term_string}"},"query-input":{"@type":"PropertyValueSpecification","valueRequired":true,"valueName":"search_term_string"}}],"inLanguage":"es"},{"@type":"Organization","@id":"https:\/\/www.katiuskak.com\/ikastaroak\/#organization","name":"KATIUSKAK ESTUDIOA (Argazkigintza ikastaroak)","alternateName":"KATIUSKAK ESTUDIOA (Cursos de fotograf\u00eda)","url":"https:\/\/www.katiuskak.com\/ikastaroak\/","logo":{"@type":"ImageObject","inLanguage":"es","@id":"https:\/\/www.katiuskak.com\/ikastaroak\/#\/schema\/logo\/image\/","url":"https:\/\/www.katiuskak.com\/ikastaroak\/wp-content\/uploads\/2024\/10\/logo.jpg","contentUrl":"https:\/\/www.katiuskak.com\/ikastaroak\/wp-content\/uploads\/2024\/10\/logo.jpg","width":959,"height":959,"caption":"KATIUSKAK ESTUDIOA (Argazkigintza ikastaroak)"},"image":{"@id":"https:\/\/www.katiuskak.com\/ikastaroak\/#\/schema\/logo\/image\/"},"sameAs":["http:\/\/www.facebook.com\/katiuskakargazkiestudioa"]}]}},"_links":{"self":[{"href":"https:\/\/www.katiuskak.com\/ikastaroak\/wp-json\/wp\/v2\/pages\/38","targetHints":{"allow":["GET"]}}],"collection":[{"href":"https:\/\/www.katiuskak.com\/ikastaroak\/wp-json\/wp\/v2\/pages"}],"about":[{"href":"https:\/\/www.katiuskak.com\/ikastaroak\/wp-json\/wp\/v2\/types\/page"}],"author":[{"embeddable":true,"href":"https:\/\/www.katiuskak.com\/ikastaroak\/wp-json\/wp\/v2\/users\/1"}],"replies":[{"embeddable":true,"href":"https:\/\/www.katiuskak.com\/ikastaroak\/wp-json\/wp\/v2\/comments?post=38"}],"version-history":[{"count":5,"href":"https:\/\/www.katiuskak.com\/ikastaroak\/wp-json\/wp\/v2\/pages\/38\/revisions"}],"predecessor-version":[{"id":437,"href":"https:\/\/www.katiuskak.com\/ikastaroak\/wp-json\/wp\/v2\/pages\/38\/revisions\/437"}],"wp:attachment":[{"href":"https:\/\/www.katiuskak.com\/ikastaroak\/wp-json\/wp\/v2\/media?parent=38"}],"curies":[{"name":"wp","href":"https:\/\/api.w.org\/{rel}","templated":true}]}}