{"id":47,"date":"2023-08-01T11:55:10","date_gmt":"2023-08-01T10:55:10","guid":{"rendered":"https:\/\/www.katiuskak.com\/ikastaroak\/?page_id=47"},"modified":"2023-08-14T11:03:43","modified_gmt":"2023-08-14T10:03:43","slug":"nosotros","status":"publish","type":"page","link":"https:\/\/www.katiuskak.com\/ikastaroak\/es\/nosotros\/","title":{"rendered":"Nosotros"},"content":{"rendered":"\r\n<p>Katiuskak es un taller de fotograf\u00eda situado en Pasai Donibane, ofrecemos cursos y talleres personalizados de fotograf\u00eda.<\/p>\r\n\r\n\r\n\r\n<p class=\"is-layout-flow wp-block-quote-is-layout-flow\" style=\"padding-left: 40px;\">El viento, los p\u00e1jaros\u2026 Lo que fuese, pero en las botas crecen flores.<br \/>Un encuentro inesperado: naturaleza, t\u00e9cnica, osad\u00eda, gusto.<br \/>Lo antiguo se hace nuevo, lo contradictorio puede ser un hallazgo.<br \/><strong>Katiuskak<\/strong><br \/>Sentido de la luz. La luz que hace brillar los ojos. La luz que proviene de una ilusi\u00f3n.<br \/>Cuidado del fondo. El fondo que es un escenario. El fondo que da sentido al acto.<br \/>Capacidad de comprender. Comprender que la fotograf\u00eda debe revalorizar lo fotografiado.<br \/><strong>Katiuskak<\/strong><br \/>Respeto por la fotograf\u00eda y respeto por la persona.<br \/>No vendemos un producto, practicamos un saber.<br \/>Escuchamos, analizamos, proponemos, acordamos, realizamos.<\/p>\r\n<p><img loading=\"lazy\" decoding=\"async\" class=\"aligncenter size-full wp-image-190\" src=\"https:\/\/www.katiuskak.com\/ikastaroak\/wp-content\/uploads\/2023\/08\/cursos_fotografia_personalizados-1.jpg\" alt=\"\" width=\"1366\" height=\"350\" srcset=\"https:\/\/www.katiuskak.com\/ikastaroak\/wp-content\/uploads\/2023\/08\/cursos_fotografia_personalizados-1.jpg 1366w, https:\/\/www.katiuskak.com\/ikastaroak\/wp-content\/uploads\/2023\/08\/cursos_fotografia_personalizados-1-300x77.jpg 300w, https:\/\/www.katiuskak.com\/ikastaroak\/wp-content\/uploads\/2023\/08\/cursos_fotografia_personalizados-1-1024x262.jpg 1024w, https:\/\/www.katiuskak.com\/ikastaroak\/wp-content\/uploads\/2023\/08\/cursos_fotografia_personalizados-1-768x197.jpg 768w\" sizes=\"auto, (max-width: 1366px) 100vw, 1366px\" \/><\/p>\r\n","protected":false},"excerpt":{"rendered":"<p>Katiuskak es un taller de fotograf\u00eda situado en Pasai Donibane, ofrecemos cursos y talleres personalizados de fotograf\u00eda. El viento, los p\u00e1jaros\u2026 Lo que fuese, pero [&hellip;]<\/p>\n","protected":false},"author":1,"featured_media":0,"parent":0,"menu_order":0,"comment_status":"closed","ping_status":"closed","template":"","meta":{"footnotes":""},"class_list":["post-47","page","type-page","status-publish","hentry"],"yoast_head":"<!-- This site is optimized with the Yoast SEO plugin v23.9 - https:\/\/yoast.com\/wordpress\/plugins\/seo\/ -->\n<title>Nosotros - KATIUSKAK<\/title>\n<meta name=\"description\" content=\"No vendemos un producto, practicamos un saber.Escuchamos, analizamos, proponemos, acordamos, realizamos. Katiuskak\" \/>\n<meta name=\"robots\" content=\"index, follow, max-snippet:-1, max-image-preview:large, max-video-preview:-1\" \/>\n<link rel=\"canonical\" href=\"https:\/\/www.katiuskak.com\/ikastaroak\/es\/nosotros\/\" \/>\n<meta property=\"og:locale\" content=\"es_ES\" \/>\n<meta property=\"og:type\" content=\"article\" \/>\n<meta property=\"og:title\" content=\"Nosotros - KATIUSKAK\" \/>\n<meta property=\"og:description\" content=\"No vendemos un producto, practicamos un saber.Escuchamos, analizamos, proponemos, acordamos, realizamos. Katiuskak\" \/>\n<meta property=\"og:url\" content=\"https:\/\/www.katiuskak.com\/ikastaroak\/es\/nosotros\/\" \/>\n<meta property=\"og:site_name\" content=\"KATIUSKAK\" \/>\n<meta property=\"article:publisher\" content=\"http:\/\/www.facebook.com\/katiuskakargazkiestudioa\" \/>\n<meta property=\"article:modified_time\" content=\"2023-08-14T10:03:43+00:00\" \/>\n<meta property=\"og:image\" content=\"https:\/\/www.katiuskak.com\/ikastaroak\/wp-content\/uploads\/2023\/08\/cursos_fotografia_personalizados-1.jpg\" \/>\n<meta name=\"twitter:card\" content=\"summary_large_image\" \/>\n<meta name=\"twitter:label1\" content=\"Tiempo de lectura\" \/>\n\t<meta name=\"twitter:data1\" content=\"1 minuto\" \/>\n<script type=\"application\/ld+json\" class=\"yoast-schema-graph\">{\"@context\":\"https:\/\/schema.org\",\"@graph\":[{\"@type\":\"WebPage\",\"@id\":\"https:\/\/www.katiuskak.com\/ikastaroak\/es\/nosotros\/\",\"url\":\"https:\/\/www.katiuskak.com\/ikastaroak\/es\/nosotros\/\",\"name\":\"Nosotros - KATIUSKAK\",\"isPartOf\":{\"@id\":\"https:\/\/www.katiuskak.com\/ikastaroak\/#website\"},\"primaryImageOfPage\":{\"@id\":\"https:\/\/www.katiuskak.com\/ikastaroak\/es\/nosotros\/#primaryimage\"},\"image\":{\"@id\":\"https:\/\/www.katiuskak.com\/ikastaroak\/es\/nosotros\/#primaryimage\"},\"thumbnailUrl\":\"https:\/\/www.katiuskak.com\/ikastaroak\/wp-content\/uploads\/2023\/08\/cursos_fotografia_personalizados-1.jpg\",\"datePublished\":\"2023-08-01T10:55:10+00:00\",\"dateModified\":\"2023-08-14T10:03:43+00:00\",\"description\":\"No vendemos un producto, practicamos un saber.Escuchamos, analizamos, proponemos, acordamos, realizamos. Katiuskak\",\"breadcrumb\":{\"@id\":\"https:\/\/www.katiuskak.com\/ikastaroak\/es\/nosotros\/#breadcrumb\"},\"inLanguage\":\"es\",\"potentialAction\":[{\"@type\":\"ReadAction\",\"target\":[\"https:\/\/www.katiuskak.com\/ikastaroak\/es\/nosotros\/\"]}]},{\"@type\":\"ImageObject\",\"inLanguage\":\"es\",\"@id\":\"https:\/\/www.katiuskak.com\/ikastaroak\/es\/nosotros\/#primaryimage\",\"url\":\"https:\/\/www.katiuskak.com\/ikastaroak\/wp-content\/uploads\/2023\/08\/cursos_fotografia_personalizados-1.jpg\",\"contentUrl\":\"https:\/\/www.katiuskak.com\/ikastaroak\/wp-content\/uploads\/2023\/08\/cursos_fotografia_personalizados-1.jpg\",\"width\":1366,\"height\":350},{\"@type\":\"BreadcrumbList\",\"@id\":\"https:\/\/www.katiuskak.com\/ikastaroak\/es\/nosotros\/#breadcrumb\",\"itemListElement\":[{\"@type\":\"ListItem\",\"position\":1,\"name\":\"Home\",\"item\":\"https:\/\/www.katiuskak.com\/ikastaroak\/es\/\"},{\"@type\":\"ListItem\",\"position\":2,\"name\":\"Nosotros\"}]},{\"@type\":\"WebSite\",\"@id\":\"https:\/\/www.katiuskak.com\/ikastaroak\/#website\",\"url\":\"https:\/\/www.katiuskak.com\/ikastaroak\/\",\"name\":\"KATIUSKAK\",\"description\":\"Argazkigintza ikastaro pertsonalizatuak \/ Cursos personalizados de fotograf\u00eda\",\"publisher\":{\"@id\":\"https:\/\/www.katiuskak.com\/ikastaroak\/#organization\"},\"alternateName\":\"Argazkigintza ikastaro pertsonalizatuak \/ Cursos personalizados de fotograf\u00eda\",\"potentialAction\":[{\"@type\":\"SearchAction\",\"target\":{\"@type\":\"EntryPoint\",\"urlTemplate\":\"https:\/\/www.katiuskak.com\/ikastaroak\/?s={search_term_string}\"},\"query-input\":{\"@type\":\"PropertyValueSpecification\",\"valueRequired\":true,\"valueName\":\"search_term_string\"}}],\"inLanguage\":\"es\"},{\"@type\":\"Organization\",\"@id\":\"https:\/\/www.katiuskak.com\/ikastaroak\/#organization\",\"name\":\"KATIUSKAK ESTUDIOA (Argazkigintza ikastaroak)\",\"alternateName\":\"KATIUSKAK ESTUDIOA (Cursos de fotograf\u00eda)\",\"url\":\"https:\/\/www.katiuskak.com\/ikastaroak\/\",\"logo\":{\"@type\":\"ImageObject\",\"inLanguage\":\"es\",\"@id\":\"https:\/\/www.katiuskak.com\/ikastaroak\/#\/schema\/logo\/image\/\",\"url\":\"https:\/\/www.katiuskak.com\/ikastaroak\/wp-content\/uploads\/2024\/10\/logo.jpg\",\"contentUrl\":\"https:\/\/www.katiuskak.com\/ikastaroak\/wp-content\/uploads\/2024\/10\/logo.jpg\",\"width\":959,\"height\":959,\"caption\":\"KATIUSKAK ESTUDIOA (Argazkigintza ikastaroak)\"},\"image\":{\"@id\":\"https:\/\/www.katiuskak.com\/ikastaroak\/#\/schema\/logo\/image\/\"},\"sameAs\":[\"http:\/\/www.facebook.com\/katiuskakargazkiestudioa\"]}]}<\/script>\n<!-- \/ Yoast SEO plugin. -->","yoast_head_json":{"title":"Nosotros - KATIUSKAK","description":"No vendemos un producto, practicamos un saber.Escuchamos, analizamos, proponemos, acordamos, realizamos. Katiuskak","robots":{"index":"index","follow":"follow","max-snippet":"max-snippet:-1","max-image-preview":"max-image-preview:large","max-video-preview":"max-video-preview:-1"},"canonical":"https:\/\/www.katiuskak.com\/ikastaroak\/es\/nosotros\/","og_locale":"es_ES","og_type":"article","og_title":"Nosotros - KATIUSKAK","og_description":"No vendemos un producto, practicamos un saber.Escuchamos, analizamos, proponemos, acordamos, realizamos. Katiuskak","og_url":"https:\/\/www.katiuskak.com\/ikastaroak\/es\/nosotros\/","og_site_name":"KATIUSKAK","article_publisher":"http:\/\/www.facebook.com\/katiuskakargazkiestudioa","article_modified_time":"2023-08-14T10:03:43+00:00","og_image":[{"url":"https:\/\/www.katiuskak.com\/ikastaroak\/wp-content\/uploads\/2023\/08\/cursos_fotografia_personalizados-1.jpg"}],"twitter_card":"summary_large_image","twitter_misc":{"Tiempo de lectura":"1 minuto"},"schema":{"@context":"https:\/\/schema.org","@graph":[{"@type":"WebPage","@id":"https:\/\/www.katiuskak.com\/ikastaroak\/es\/nosotros\/","url":"https:\/\/www.katiuskak.com\/ikastaroak\/es\/nosotros\/","name":"Nosotros - KATIUSKAK","isPartOf":{"@id":"https:\/\/www.katiuskak.com\/ikastaroak\/#website"},"primaryImageOfPage":{"@id":"https:\/\/www.katiuskak.com\/ikastaroak\/es\/nosotros\/#primaryimage"},"image":{"@id":"https:\/\/www.katiuskak.com\/ikastaroak\/es\/nosotros\/#primaryimage"},"thumbnailUrl":"https:\/\/www.katiuskak.com\/ikastaroak\/wp-content\/uploads\/2023\/08\/cursos_fotografia_personalizados-1.jpg","datePublished":"2023-08-01T10:55:10+00:00","dateModified":"2023-08-14T10:03:43+00:00","description":"No vendemos un producto, practicamos un saber.Escuchamos, analizamos, proponemos, acordamos, realizamos. Katiuskak","breadcrumb":{"@id":"https:\/\/www.katiuskak.com\/ikastaroak\/es\/nosotros\/#breadcrumb"},"inLanguage":"es","potentialAction":[{"@type":"ReadAction","target":["https:\/\/www.katiuskak.com\/ikastaroak\/es\/nosotros\/"]}]},{"@type":"ImageObject","inLanguage":"es","@id":"https:\/\/www.katiuskak.com\/ikastaroak\/es\/nosotros\/#primaryimage","url":"https:\/\/www.katiuskak.com\/ikastaroak\/wp-content\/uploads\/2023\/08\/cursos_fotografia_personalizados-1.jpg","contentUrl":"https:\/\/www.katiuskak.com\/ikastaroak\/wp-content\/uploads\/2023\/08\/cursos_fotografia_personalizados-1.jpg","width":1366,"height":350},{"@type":"BreadcrumbList","@id":"https:\/\/www.katiuskak.com\/ikastaroak\/es\/nosotros\/#breadcrumb","itemListElement":[{"@type":"ListItem","position":1,"name":"Home","item":"https:\/\/www.katiuskak.com\/ikastaroak\/es\/"},{"@type":"ListItem","position":2,"name":"Nosotros"}]},{"@type":"WebSite","@id":"https:\/\/www.katiuskak.com\/ikastaroak\/#website","url":"https:\/\/www.katiuskak.com\/ikastaroak\/","name":"KATIUSKAK","description":"Argazkigintza ikastaro pertsonalizatuak \/ Cursos personalizados de fotograf\u00eda","publisher":{"@id":"https:\/\/www.katiuskak.com\/ikastaroak\/#organization"},"alternateName":"Argazkigintza ikastaro pertsonalizatuak \/ Cursos personalizados de fotograf\u00eda","potentialAction":[{"@type":"SearchAction","target":{"@type":"EntryPoint","urlTemplate":"https:\/\/www.katiuskak.com\/ikastaroak\/?s={search_term_string}"},"query-input":{"@type":"PropertyValueSpecification","valueRequired":true,"valueName":"search_term_string"}}],"inLanguage":"es"},{"@type":"Organization","@id":"https:\/\/www.katiuskak.com\/ikastaroak\/#organization","name":"KATIUSKAK ESTUDIOA (Argazkigintza ikastaroak)","alternateName":"KATIUSKAK ESTUDIOA (Cursos de fotograf\u00eda)","url":"https:\/\/www.katiuskak.com\/ikastaroak\/","logo":{"@type":"ImageObject","inLanguage":"es","@id":"https:\/\/www.katiuskak.com\/ikastaroak\/#\/schema\/logo\/image\/","url":"https:\/\/www.katiuskak.com\/ikastaroak\/wp-content\/uploads\/2024\/10\/logo.jpg","contentUrl":"https:\/\/www.katiuskak.com\/ikastaroak\/wp-content\/uploads\/2024\/10\/logo.jpg","width":959,"height":959,"caption":"KATIUSKAK ESTUDIOA (Argazkigintza ikastaroak)"},"image":{"@id":"https:\/\/www.katiuskak.com\/ikastaroak\/#\/schema\/logo\/image\/"},"sameAs":["http:\/\/www.facebook.com\/katiuskakargazkiestudioa"]}]}},"_links":{"self":[{"href":"https:\/\/www.katiuskak.com\/ikastaroak\/wp-json\/wp\/v2\/pages\/47","targetHints":{"allow":["GET"]}}],"collection":[{"href":"https:\/\/www.katiuskak.com\/ikastaroak\/wp-json\/wp\/v2\/pages"}],"about":[{"href":"https:\/\/www.katiuskak.com\/ikastaroak\/wp-json\/wp\/v2\/types\/page"}],"author":[{"embeddable":true,"href":"https:\/\/www.katiuskak.com\/ikastaroak\/wp-json\/wp\/v2\/users\/1"}],"replies":[{"embeddable":true,"href":"https:\/\/www.katiuskak.com\/ikastaroak\/wp-json\/wp\/v2\/comments?post=47"}],"version-history":[{"count":3,"href":"https:\/\/www.katiuskak.com\/ikastaroak\/wp-json\/wp\/v2\/pages\/47\/revisions"}],"predecessor-version":[{"id":193,"href":"https:\/\/www.katiuskak.com\/ikastaroak\/wp-json\/wp\/v2\/pages\/47\/revisions\/193"}],"wp:attachment":[{"href":"https:\/\/www.katiuskak.com\/ikastaroak\/wp-json\/wp\/v2\/media?parent=47"}],"curies":[{"name":"wp","href":"https:\/\/api.w.org\/{rel}","templated":true}]}}